{"id":52,"date":"2020-10-25T21:34:55","date_gmt":"2020-10-25T21:34:55","guid":{"rendered":"https:\/\/shbsh.al\/wp2\/?page_id=52"},"modified":"2020-11-01T13:15:44","modified_gmt":"2020-11-01T13:15:44","slug":"panairi-i-18-i-librit","status":"publish","type":"page","link":"https:\/\/shbsh.al\/wp2\/panairi-i-18-i-librit\/","title":{"rendered":"Panairi i 18 i Librit"},"content":{"rendered":"<p>[pl_row pagelayer-id=&#8221;CFvE3jPBs3gZ3QCh&#8221; stretch=&#8221;auto&#8221; col_gap=&#8221;10&#8243; width_content=&#8221;auto&#8221; row_height=&#8221;default&#8221; overlay_hover_delay=&#8221;400&#8243; row_shape_top_color=&#8221;#227bc3&#8243; row_shape_top_width=&#8221;100&#8243; row_shape_top_height=&#8221;100&#8243; row_shape_bottom_color=&#8221;#e44993&#8243; row_shape_bottom_width=&#8221;100&#8243; row_shape_bottom_height=&#8221;100&#8243;][pl_col pagelayer-id=&#8221;KVdU2eaGxKKiYNMV&#8221; widget_space=&#8221;11&#8243; overlay_hover_delay=&#8221;400&#8243;][\/pl_col]<br \/>\n[\/pl_row]<br \/>\n[pl_row pagelayer-id=&#8221;CFvE3jPBs3gZ3QCh&#8221; stretch=&#8221;auto&#8221; col_gap=&#8221;10&#8243; width_content=&#8221;auto&#8221; row_height=&#8221;default&#8221; overlay_hover_delay=&#8221;400&#8243; row_shape_top_color=&#8221;#227bc3&#8243; row_shape_top_width=&#8221;100&#8243; row_shape_top_height=&#8221;100&#8243; row_shape_bottom_color=&#8221;#e44993&#8243; row_shape_bottom_width=&#8221;100&#8243; row_shape_bottom_height=&#8221;100&#8243;][pl_col pagelayer-id=&#8221;KVdU2eaGxKKiYNMV&#8221; widget_space=&#8221;11&#8243; overlay_hover_delay=&#8221;400&#8243;][\/pl_col]<br \/>\n[\/pl_row]<br \/>\n[pl_row pagelayer-id=&#8221;CFvE3jPBs3gZ3QCh&#8221; stretch=&#8221;auto&#8221; col_gap=&#8221;10&#8243; width_content=&#8221;auto&#8221; row_height=&#8221;default&#8221; overlay_hover_delay=&#8221;400&#8243; row_shape_top_color=&#8221;#227bc3&#8243; row_shape_top_width=&#8221;100&#8243; row_shape_top_height=&#8221;100&#8243; row_shape_bottom_color=&#8221;#e44993&#8243; row_shape_bottom_width=&#8221;100&#8243; row_shape_bottom_height=&#8221;100&#8243;][pl_col pagelayer-id=&#8221;KVdU2eaGxKKiYNMV&#8221; widget_space=&#8221;11&#8243; overlay_hover_delay=&#8221;400&#8243;][\/pl_col]<br \/>\n[\/pl_row][pl_row pagelayer-id=&#8221;CFvE3jPBs3gZ3QCh&#8221; stretch=&#8221;auto&#8221; col_gap=&#8221;10&#8243; width_content=&#8221;auto&#8221; row_height=&#8221;default&#8221; overlay_hover_delay=&#8221;400&#8243; row_shape_top_color=&#8221;#227bc3&#8243; row_shape_top_width=&#8221;100&#8243; row_shape_top_height=&#8221;100&#8243; row_shape_bottom_color=&#8221;#e44993&#8243; row_shape_bottom_width=&#8221;100&#8243; row_shape_bottom_height=&#8221;100&#8243;][pl_col pagelayer-id=&#8221;KVdU2eaGxKKiYNMV&#8221; widget_space=&#8221;11&#8243; overlay_hover_delay=&#8221;400&#8243;][\/pl_col]<br \/>\n[\/pl_row]<br \/>\n[pl_row pagelayer-id=&#8221;TJOIkzMfbLXMTax9&#8243;  stretch=&#8221;auto&#8221; col_gap=&#8221;10&#8243; width_content=&#8221;auto&#8221; row_height=&#8221;default&#8221; overlay_hover_delay=&#8221;400&#8243; row_shape_top_color=&#8221;#fff&#8221; row_shape_top_width=&#8221;100&#8243; row_shape_top_height=&#8221;100&#8243; row_shape_bottom_color=&#8221;#fff&#8221; row_shape_bottom_width=&#8221;100&#8243; row_shape_bottom_height=&#8221;100&#8243; ele_bg_hover_delay=&#8221;400&#8243; ele_bg_type=&#8221;image&#8221; ele_bg_img=&#8221;66&#8243; ele_bg_posx=&#8221;center&#8221; ele_bg_posy=&#8221;center&#8221; ele_bg_repeat=&#8221;no-repeat&#8221; ele_bg_size=&#8221;cover&#8221; ele_padding=&#8221;150px,0px,150px,0px&#8221; overlay_type=&#8221;color&#8221; overlay_transperancy=&#8221;0.8&#8243; overlay_color=&#8221;#fdbf38ff&#8221; ele_bg_attachment=&#8221;fixed&#8221; ele_margin=&#8221;-100px,0px,0px,0px&#8221; ele_padding_tablet=&#8221;100px,0px,100px,0px&#8221; ele_padding_mobile=&#8221;75px,0px,75px,0px&#8221; content_pos=&#8221;center&#8221; ele_margin_mobile=&#8221;-65px,0px,0px,0px&#8221; ele_margin_tablet=&#8221;-70px,0px,0px,0px&#8221;][pl_col pagelayer-id=&#8221;BhydDoljwn57G8cZ&#8221;  overlay_hover_delay=&#8221;400&#8243; ele_bg_hover_delay=&#8221;400&#8243;][\/pl_col]<br \/>\n[\/pl_row]<br \/>\n[pl_row pagelayer-id=&#8221;sHKAX3pqdbCdUmhz&#8221;  stretch=&#8221;auto&#8221; col_gap=&#8221;10&#8243; width_content=&#8221;auto&#8221; row_height=&#8221;default&#8221; overlay_hover_delay=&#8221;400&#8243; row_shape_top_color=&#8221;#fff&#8221; row_shape_top_width=&#8221;100&#8243; row_shape_top_height=&#8221;100&#8243; row_shape_bottom_color=&#8221;#fff&#8221; row_shape_bottom_width=&#8221;100&#8243; row_shape_bottom_height=&#8221;100&#8243; ele_bg_hover_delay=&#8221;400&#8243; ele_padding=&#8221;60px,0px,60px,0px&#8221; ele_padding_mobile=&#8221;50px,0px,50px,0px&#8221; ele_padding_tablet=&#8221;50px,0px,50px,0px&#8221;][pl_heading pagelayer-id=&#8221;z2UKdatsBQ3vIiaM&#8221;  heading_state=&#8221;normal&#8221; color=&#8221;#111111&#8243; elshe_bg_hover_delay=&#8221;400&#8243; align=&#8221;center&#8221; heading_typo=&#8221;Cabin,25,,700,,,Solid,,Uppercase,5,&#8221; ele_padding=&#8221;10px,0px,0px,0px&#8221; heading_typo_mobile=&#8221;,18,,,,,Solid,,,,&#8221; heading_typo_tablet=&#8221;,20,,,,,Solid,,,,&#8221;]<\/p>\n<h1 style=\"margin-bottom: 0.0001pt;\"><span style=\"font-size:\n27.0pt;font-family:&quot;Georgia&quot;,serif;mso-fareast-font-family:&quot;Times New Roman&quot;;\nmso-bidi-font-family:&quot;Times New Roman&quot;;color:#262626;letter-spacing:-.75pt;\nmso-font-kerning:18.0pt\">Panairi i 18 i Librit \u201cTirana 2015\u2033<\/span><\/h1>\n<p>[\/pl_heading]<br \/>\n[pl_divider pagelayer-id=&#8221;bPpy7DDkW23YQzWm&#8221;  divider_style=&#8221;solid&#8221; divider_color=&#8221;#f2ad48ff&#8221; divider_weight=&#8221;3&#8243; divider_widht=&#8221;6&#8243; divider_gap=&#8221;10&#8243; divider_alignment=&#8221;center&#8221; ele_bg_hover_delay=&#8221;400&#8243; animation=&#8221;fadeInUp&#8221; animation_delay=&#8221;700&#8243; animation_speed=&#8221;slowest&#8221;][\/pl_divider]<br \/>\n[pl_inner_row pagelayer-id=&#8221;T6Oo0ZLFK4rV7sDt&#8221;  stretch=&#8221;auto&#8221; col_gap=&#8221;10&#8243; width_content=&#8221;auto&#8221; row_height=&#8221;default&#8221; overlay_hover_delay=&#8221;400&#8243; row_shape_top_color=&#8221;#fff&#8221; row_shape_top_width=&#8221;100&#8243; row_shape_top_height=&#8221;100&#8243; row_shape_bottom_color=&#8221;#fff&#8221; row_shape_bottom_width=&#8221;100&#8243; row_shape_bottom_height=&#8221;100&#8243; ele_bg_hover_delay=&#8221;400&#8243; ele_padding=&#8221;50px,0px,0px,0px&#8221; content_pos=&#8221;center&#8221;][\/pl_inner_row]<br \/>\n[pl_row pagelayer-id=&#8221;90xnb3lpk719arww&#8221; ][\/pl_row]<\/p>\n<p>[pl_row pagelayer-id=&#8221;V6HpWExdXlHOAaa5&#8243;  stretch=&#8221;auto&#8221; col_gap=&#8221;10&#8243; width_content=&#8221;auto&#8221; row_height=&#8221;default&#8221; overlay_hover_delay=&#8221;400&#8243; row_shape_top_color=&#8221;#227bc3&#8243; row_shape_top_width=&#8221;100&#8243; row_shape_top_height=&#8221;100&#8243; row_shape_bottom_color=&#8221;#e44993&#8243; row_shape_bottom_width=&#8221;100&#8243; row_shape_bottom_height=&#8221;100&#8243;][pl_col pagelayer-id=&#8221;dxUCH81AbrXY5FZj&#8221;  widget_space=&#8221;15&#8243; overlay_hover_delay=&#8221;400&#8243;][pl_text pagelayer-id=&#8221;MJWOtiFMHE4IBcmV&#8221; ]<\/p>\n<p style=\"text-align: justify; \"><span style=\"color: rgb(0, 0, 0); font-family: Quicksand; font-size: 16px; font-style: normal; font-variant-ligatures: normal; font-variant-caps: normal; font-weight: 400; line-height: 1.5;\"><span style=\"font-size: 15px;\"><\/span>M\u00eb dat\u00eb 11-15 n\u00ebntor 2015 hap siparin Panairi i Librit \u201cTirana 2015\u201d. Ky \u00ebsht\u00eb Panairi i 18 q\u00eb zhvillohet radhazi n\u00eb qytetin e Tiran\u00ebs nga Shoqata e Botuesve Shqiptar\u00eb, e cila organizon Panairin e Librit t\u00eb Tiran\u00ebs qysh prej vitit 1998 dhe ka treguar tashm\u00eb se \u00ebsht\u00eb nj\u00eb organizatore efikase e aktivitetit m\u00eb t\u00eb madh vjetor p\u00ebr librin, duke sh\u00ebnuar rezultate n\u00eb rritje nga viti n\u00eb vit, dhe duke siguruar k\u00ebshtu vijim\u00ebsin\u00eb e Panairit t\u00eb Librit t\u00eb Tiran\u00ebs dhe p\u00ebrkrahjen e gjer\u00eb t\u00eb tij. Organizimi i tij \u00ebsht\u00eb ngjarja m\u00eb e madhe kulturore n\u00eb pasqyrimin e veprimtaris\u00eb librore q\u00eb zhvillohet jo vet\u00ebm brenda kufijve t\u00eb Shqip\u00ebris\u00eb, por n\u00eb gjith\u00eb hap\u00ebsir\u00ebn shqiptare: Kosov\u00eb, Maqedoni, Mali i Zi dhe diaspor\u00eb. Panairi i Librit do t\u00eb shnd\u00ebrrohet n\u00eb nj\u00eb ngjarje t\u00eb r\u00ebnd\u00ebsishme kulturore p\u00ebr bot\u00ebn shqiptare, q\u00eb do t\u00eb ket\u00eb si objekt paraqitjen e botimeve m\u00eb t\u00eb mira t\u00eb hedhura n\u00eb qarkullim n\u00eb harkun kohor t\u00eb nj\u00eb viti n\u00ebntor 2014-n\u00ebntor 2015. Ky panair do t\u00eb bashkoj\u00eb t\u00eb gjith\u00eb njer\u00ebzit q\u00eb merren me letrat shqipe: autor\u00ebt, botuesit, lexuesit, p\u00ebrkthyesit, p\u00ebrfaq\u00ebsuesit e shtypit dhe t\u00eb medias etj, me synimin p\u00ebr t\u00eb krijuar e zhvilluar kontakte tradicionale midis tyre, duke synuar promovimin dhe nxitjen e leximit n\u00eb masat e gjera, ve\u00e7an\u00ebrisht te t\u00eb rinjt\u00eb, n\u00eb kushtet e munges\u00ebs s\u00eb sistemit t\u00eb shp\u00ebrndarjes s\u00eb librit n\u00eb vendin ton\u00eb. Tema e Panairit t\u00eb sivjetsh\u00ebm do t\u00eb jet\u00eb: \u201cE ardhmja e librit digjital n\u00eb Shqip\u00ebri\u201d. N\u00eb k\u00ebt\u00eb kuad\u00ebr, Shoqata e Botuesve Shqiptar\u00eb, organizatore e Panairit, ka menduar edhe dy aktivitete p\u00ebr librin dixhital, nj\u00eb konferenc\u00eb dhe nj\u00eb workshop praktik p\u00ebr prodhimin e librit apo dizajnit t\u00eb librit t\u00eb digjitalizuar. Gjithashtu s\u00eb bashku me Vodafone Albania, do t\u00eb shpallet projekti p\u00ebr leximin n\u00ebp\u00ebrmjet telefonit dhe p\u00ebrdorimit t\u00eb teknologjive t\u00eb reja t\u00eb leximit edhe n\u00eb Shqip\u00ebri. Gjat\u00eb 5 dit\u00ebve t\u00eb Panairit do t\u00eb organizohen aktivitete t\u00eb shumta. Krahas \u00e7mimeve tradicionale t\u00eb p\u00ebrvitshme t\u00eb Panairit, k\u00ebt\u00eb vit do t\u00eb ket\u00eb nj\u00eb \u00e7mim t\u00eb ve\u00e7ant\u00eb p\u00ebrkthimi \u201cFan.S.Noli\u201d, q\u00eb do t\u00eb jet\u00eb figura q\u00eb do t\u00eb nderohet k\u00ebt\u00eb vit, me rastin edhe t\u00eb 50-vjetorit t\u00eb vdekjes. N\u00eb Panairin e 18 t\u00eb Librit do t\u00eb marrin pjes\u00eb rreth 100 sht\u00ebpi botuese vendase e t\u00eb huaja, institucione t\u00eb arsimit t\u00eb lart\u00eb, dhe organizata t\u00eb tjera q\u00eb punojn\u00eb me librin. N\u00eb k\u00ebt\u00eb Panair do t\u00eb ket\u00eb nj\u00eb pjes\u00ebmarrje t\u00eb gjer\u00eb t\u00eb ambasadave e institucioneve t\u00eb huaja n\u00eb vendin ton\u00eb, duke i dh\u00ebn\u00eb k\u00ebsaj ngjarjeje kaq t\u00eb r\u00ebnd\u00ebsishme p\u00ebr vendin ton\u00eb nj\u00eb karakter nd\u00ebrkomb\u00ebtar. Ky Panair do t\u00eb shnd\u00ebrrohet n\u00eb nj\u00eb panel t\u00eb r\u00ebnd\u00ebsish\u00ebm diskutimi p\u00ebr artin dhe kultur\u00ebn.<\/span><\/p>\n<p>[\/pl_text]<br \/>\n[\/pl_col]<br \/>\n[\/pl_row]<\/p>\n","protected":false},"excerpt":{"rendered":"<p>[pl_row pagelayer-id=&#8221;CFvE3jPBs3gZ3QCh&#8221; stretch=&#8221;auto&#8221; col_gap=&#8221;10&#8243; width_content=&#8221;auto&#8221; row_height=&#8221;default&#8221; overlay_hover_delay=&#8221;400&#8243; row_shape_top_color=&#8221;#227bc3&#8243; row_shape_top_width=&#8221;100&#8243; row_shape_top_height=&#8221;100&#8243; row_shape_bottom_color=&#8221;#e44993&#8243; row_shape_bottom_width=&#8221;100&#8243; row_shape_bottom_height=&#8221;100&#8243;][pl_col pagelayer-id=&#8221;KVdU2eaGxKKiYNMV&#8221; widget_space=&#8221;11&#8243; overlay_hover_delay=&#8221;400&#8243;][\/pl_col] [\/pl_row] [pl_row pagelayer-id=&#8221;CFvE3jPBs3gZ3QCh&#8221; stretch=&#8221;auto&#8221; col_gap=&#8221;10&#8243; width_content=&#8221;auto&#8221; row_height=&#8221;default&#8221; overlay_hover_delay=&#8221;400&#8243; row_shape_top_color=&#8221;#227bc3&#8243; row_shape_top_width=&#8221;100&#8243; row_shape_top_height=&#8221;100&#8243; row_shape_bottom_color=&#8221;#e44993&#8243; row_shape_bottom_width=&#8221;100&#8243; row_shape_bottom_height=&#8221;100&#8243;][pl_col pagelayer-id=&#8221;KVdU2eaGxKKiYNMV&#8221; widget_space=&#8221;11&#8243; overlay_hover_delay=&#8221;400&#8243;][\/pl_col] [\/pl_row] [pl_row pagelayer-id=&#8221;CFvE3jPBs3gZ3QCh&#8221; stretch=&#8221;auto&#8221; col_gap=&#8221;10&#8243; width_content=&#8221;auto&#8221; row_height=&#8221;default&#8221; overlay_hover_delay=&#8221;400&#8243; row_shape_top_color=&#8221;#227bc3&#8243; row_shape_top_width=&#8221;100&#8243; row_shape_top_height=&#8221;100&#8243; row_shape_bottom_color=&#8221;#e44993&#8243; row_shape_bottom_width=&#8221;100&#8243; row_shape_bottom_height=&#8221;100&#8243;][pl_col pagelayer-id=&#8221;KVdU2eaGxKKiYNMV&#8221; widget_space=&#8221;11&#8243; overlay_hover_delay=&#8221;400&#8243;][\/pl_col] [\/pl_row][pl_row pagelayer-id=&#8221;CFvE3jPBs3gZ3QCh&#8221; stretch=&#8221;auto&#8221; col_gap=&#8221;10&#8243; width_content=&#8221;auto&#8221; [&hellip;]<\/p>\n","protected":false},"author":1,"featured_media":0,"parent":0,"menu_order":0,"comment_status":"closed","ping_status":"closed","template":"","meta":[],"_links":{"self":[{"href":"https:\/\/shbsh.al\/wp2\/wp-json\/wp\/v2\/pages\/52"}],"collection":[{"href":"https:\/\/shbsh.al\/wp2\/wp-json\/wp\/v2\/pages"}],"about":[{"href":"https:\/\/shbsh.al\/wp2\/wp-json\/wp\/v2\/types\/page"}],"author":[{"embeddable":true,"href":"https:\/\/shbsh.al\/wp2\/wp-json\/wp\/v2\/users\/1"}],"replies":[{"embeddable":true,"href":"https:\/\/shbsh.al\/wp2\/wp-json\/wp\/v2\/comments?post=52"}],"version-history":[{"count":23,"href":"https:\/\/shbsh.al\/wp2\/wp-json\/wp\/v2\/pages\/52\/revisions"}],"predecessor-version":[{"id":472,"href":"https:\/\/shbsh.al\/wp2\/wp-json\/wp\/v2\/pages\/52\/revisions\/472"}],"wp:attachment":[{"href":"https:\/\/shbsh.al\/wp2\/wp-json\/wp\/v2\/media?parent=52"}],"curies":[{"name":"wp","href":"https:\/\/api.w.org\/{rel}","templated":true}]}}