{"id":204,"date":"2020-10-27T22:22:30","date_gmt":"2020-10-27T22:22:30","guid":{"rendered":"https:\/\/shbsh.al\/wp2\/?page_id=204"},"modified":"2020-11-01T13:20:37","modified_gmt":"2020-11-01T13:20:37","slug":"panairi-i-librit-leipzig","status":"publish","type":"page","link":"https:\/\/shbsh.al\/wp2\/panairi-i-librit-leipzig\/","title":{"rendered":"Panairi i Librit Leipzig"},"content":{"rendered":"<p>[pl_row pagelayer-id=&#8221;CFvE3jPBs3gZ3QCh&#8221; stretch=&#8221;auto&#8221; col_gap=&#8221;10&#8243; width_content=&#8221;auto&#8221; row_height=&#8221;default&#8221; overlay_hover_delay=&#8221;400&#8243; row_shape_top_color=&#8221;#227bc3&#8243; row_shape_top_width=&#8221;100&#8243; row_shape_top_height=&#8221;100&#8243; row_shape_bottom_color=&#8221;#e44993&#8243; row_shape_bottom_width=&#8221;100&#8243; row_shape_bottom_height=&#8221;100&#8243;][pl_col pagelayer-id=&#8221;KVdU2eaGxKKiYNMV&#8221; widget_space=&#8221;11&#8243; overlay_hover_delay=&#8221;400&#8243;][\/pl_col]<br \/>\n[\/pl_row][pl_row pagelayer-id=&#8221;CFvE3jPBs3gZ3QCh&#8221; stretch=&#8221;auto&#8221; col_gap=&#8221;10&#8243; width_content=&#8221;auto&#8221; row_height=&#8221;default&#8221; overlay_hover_delay=&#8221;400&#8243; row_shape_top_color=&#8221;#227bc3&#8243; row_shape_top_width=&#8221;100&#8243; row_shape_top_height=&#8221;100&#8243; row_shape_bottom_color=&#8221;#e44993&#8243; row_shape_bottom_width=&#8221;100&#8243; row_shape_bottom_height=&#8221;100&#8243;][pl_col pagelayer-id=&#8221;KVdU2eaGxKKiYNMV&#8221; widget_space=&#8221;11&#8243; overlay_hover_delay=&#8221;400&#8243;][\/pl_col]<br \/>\n[\/pl_row][pl_row pagelayer-id=&#8221;CFvE3jPBs3gZ3QCh&#8221; stretch=&#8221;auto&#8221; col_gap=&#8221;10&#8243; width_content=&#8221;auto&#8221; row_height=&#8221;default&#8221; overlay_hover_delay=&#8221;400&#8243; row_shape_top_color=&#8221;#227bc3&#8243; row_shape_top_width=&#8221;100&#8243; row_shape_top_height=&#8221;100&#8243; row_shape_bottom_color=&#8221;#e44993&#8243; row_shape_bottom_width=&#8221;100&#8243; row_shape_bottom_height=&#8221;100&#8243;][pl_col pagelayer-id=&#8221;KVdU2eaGxKKiYNMV&#8221; widget_space=&#8221;11&#8243; overlay_hover_delay=&#8221;400&#8243;][\/pl_col]<br \/>\n[\/pl_row][pl_row pagelayer-id=&#8221;CFvE3jPBs3gZ3QCh&#8221; stretch=&#8221;auto&#8221; col_gap=&#8221;10&#8243; width_content=&#8221;auto&#8221; row_height=&#8221;default&#8221; overlay_hover_delay=&#8221;400&#8243; row_shape_top_color=&#8221;#227bc3&#8243; row_shape_top_width=&#8221;100&#8243; row_shape_top_height=&#8221;100&#8243; row_shape_bottom_color=&#8221;#e44993&#8243; row_shape_bottom_width=&#8221;100&#8243; row_shape_bottom_height=&#8221;100&#8243;][pl_col pagelayer-id=&#8221;KVdU2eaGxKKiYNMV&#8221; widget_space=&#8221;11&#8243; overlay_hover_delay=&#8221;400&#8243;][\/pl_col]<br \/>\n[\/pl_row][pl_row pagelayer-id=&#8221;TJOIkzMfbLXMTax9&#8243; stretch=&#8221;auto&#8221; col_gap=&#8221;10&#8243; width_content=&#8221;auto&#8221; row_height=&#8221;default&#8221; overlay_hover_delay=&#8221;400&#8243; row_shape_top_color=&#8221;#fff&#8221; row_shape_top_width=&#8221;100&#8243; row_shape_top_height=&#8221;100&#8243; row_shape_bottom_color=&#8221;#fff&#8221; row_shape_bottom_width=&#8221;100&#8243; row_shape_bottom_height=&#8221;100&#8243; ele_bg_hover_delay=&#8221;400&#8243; ele_bg_type=&#8221;image&#8221; ele_bg_img=&#8221;https:\/\/shbsh.al\/wp2\/wp-content\/uploads\/popularfx-templates\/educator\/images\/banner.jpg&#8221; ele_bg_posx=&#8221;center&#8221; ele_bg_posy=&#8221;center&#8221; ele_bg_repeat=&#8221;no-repeat&#8221; ele_bg_size=&#8221;cover&#8221; ele_padding=&#8221;150px,0px,150px,0px&#8221; overlay_type=&#8221;color&#8221; overlay_transperancy=&#8221;0.8&#8243; overlay_color=&#8221;#fdbf38ff&#8221; ele_bg_attachment=&#8221;fixed&#8221; ele_margin=&#8221;-100px,0px,0px,0px&#8221; ele_padding_tablet=&#8221;100px,0px,100px,0px&#8221; ele_padding_mobile=&#8221;75px,0px,75px,0px&#8221; content_pos=&#8221;center&#8221; ele_margin_mobile=&#8221;-65px,0px,0px,0px&#8221; ele_margin_tablet=&#8221;-70px,0px,0px,0px&#8221;][pl_col pagelayer-id=&#8221;BhydDoljwn57G8cZ&#8221; overlay_hover_delay=&#8221;400&#8243; ele_bg_hover_delay=&#8221;400&#8243;][\/pl_col]<br \/>\n[\/pl_row]<\/p>\n<p>[pl_row pagelayer-id=&#8221;c7jn19vqh6vy8v8n&#8221; stretch=&#8221;auto&#8221; col_gap=&#8221;10&#8243; width_content=&#8221;auto&#8221; row_height=&#8221;default&#8221; column_pos=&#8221;default&#8221; content_pos=&#8221;default&#8221; overlay_hover_delay=&#8221;400&#8243; row_shape_top_color=&#8221;#fff&#8221; row_shape_top_width=&#8221;100&#8243; row_shape_top_height=&#8221;100&#8243; row_shape_bottom_color=&#8221;#fff&#8221; row_shape_bottom_width=&#8221;100&#8243; row_shape_bottom_height=&#8221;100&#8243; ele_bg_hover_delay=&#8221;400&#8243; ele_padding=&#8221;70px,0px,70px,0px&#8221;][pl_col pagelayer-id=&#8221;dmne0z7qezvk0tou&#8221; widget_space=&#8221;15&#8243; overlay_hover_delay=&#8221;400&#8243; ele_bg_hover_delay=&#8221;400&#8243; col=&#8221;4&#8243;][pl_iconbox pagelayer-id=&#8221;8rpyl57027yplxlz&#8221; service_icon=&#8221;&#8221; service_alignment=&#8221;left&#8221; service_vertical_alignment=&#8221;top&#8221; service_icon_view=&#8221;default&#8221; service_icon_padding=&#8221;15&#8243; service_icon_state=&#8221;normal&#8221; service_icon_color=&#8221;#e8b63bff&#8221; service_icon_font_size=&#8221;30&#8243; service_icon_hover_delay=&#8221;400&#8243; service_bor_state=&#8221;normal&#8221; service_heading=&#8221;Panairi i Librit \u201cLeipzig 2015\u2033\u00a0&#8221; service_heading_spacing=&#8221;10&#8243; heading_state=&#8221;normal&#8221; service_heading_color=&#8221;#141617ff&#8221; service_heading_typo=&#8221;,22,,600,,,Solid,,,,&#8221; heading_delay=&#8221;400&#8243; service_text_alignment=&#8221;left&#8221; service_btn_hover_delay=&#8221;400&#8243; ele_bg_hover_delay=&#8221;400&#8243; service_icon_spacing=&#8221;0,20,0,0&#8243; service_button=&#8221;true&#8221; iconbox_button_type=&#8221;pagelayer-btn-custom&#8221; service_button_size=&#8221;pagelayer-btn-small&#8221; service_button_text=&#8221;M\u00eb tep\u00ebr\u00a0&#8221; service_btn_spacing=&#8221;20&#8243; service_btn_state=&#8221;normal&#8221; service_button_color=&#8221;#ffffff&#8221; service_button_bg_color=&#8221;#1d1f21ff&#8221; service_button_url=&#8221;#&#8221; service_button_font_size=&#8221;16&#8243; heading_alignment=&#8221;center&#8221; service_title_spacing=&#8221;,,10,&#8221; service_button_typo=&#8221;,,,,,,Solid,,,,&#8221;]<\/p>\n<p>Panairi i Leipzigut p\u00ebr vitin 2015 do t\u00eb zhvillohet n\u00eb datat 12-15 mars, me pjes\u00ebmarrjen e botuesve, autor\u00ebve, p\u00ebrkthyesve, rrjeteve letrare dhe shypit kritik letrar. Shoqata e Botuesve Shqiptar\u00eb, e mb\u00ebshtetur financiarisht nga Ministria e Kultur\u00ebs, p\u00ebrfaq\u00ebson stend\u00ebn e letrave shqipe n\u00eb k\u00ebt\u00eb panair. Shoqata e Botuesve Shqiptar\u00eb k\u00ebt\u00eb vit do t\u00eb marr\u00eb pjes\u00eb edhe n\u00eb disa tryeza&#8230;<\/p>\n<p>[\/pl_iconbox]<br \/>\n[pl_iconbox pagelayer-id=&#8221;k8dk8lamk67l0vf8&#8243; service_icon=&#8221;&#8221; service_alignment=&#8221;left&#8221; service_vertical_alignment=&#8221;top&#8221; service_icon_view=&#8221;default&#8221; service_icon_padding=&#8221;15&#8243; service_icon_state=&#8221;normal&#8221; service_icon_color=&#8221;#060607ff&#8221; service_icon_font_size=&#8221;30&#8243; service_icon_hover_delay=&#8221;400&#8243; service_bor_state=&#8221;normal&#8221; service_heading=&#8221;&lt;span&gt;Panairi i Librit \u201cLeipzig 2012\u2033\u00a0&lt;\/span&gt;&#8221; service_heading_spacing=&#8221;10&#8243; heading_state=&#8221;normal&#8221; service_heading_color=&#8221;#141617ff&#8221; service_heading_typo=&#8221;,22,,600,,,Solid,,,,&#8221; heading_delay=&#8221;400&#8243; service_text_alignment=&#8221;left&#8221; service_btn_hover_delay=&#8221;400&#8243; ele_bg_hover_delay=&#8221;400&#8243; service_icon_spacing=&#8221;0,20,0,0&#8243; service_button=&#8221;true&#8221; iconbox_button_type=&#8221;pagelayer-btn-custom&#8221; service_button_size=&#8221;pagelayer-btn-small&#8221; service_button_text=&#8221;M\u00eb tep\u00ebr\u00a0&#8221; service_btn_spacing=&#8221;20&#8243; service_btn_state=&#8221;normal&#8221; service_button_color=&#8221;#ffffff&#8221; service_button_bg_color=&#8221;#1d1f21ff&#8221; service_button_url=&#8221;#&#8221; service_button_font_size=&#8221;16&#8243; service_title_spacing=&#8221;,,10,&#8221; heading_alignment=&#8221;center&#8221;]<\/p>\n<p>Nga data 15-18 mars 2012, u zhvillua Panairi i Librit n\u00eb Lajpcig, ku kultura shqiptare u paraqit p\u00ebr t\u00eb dyt\u00ebn her\u00eb radhazi n\u00eb m\u00ebnyr\u00eb t\u00eb organizuar. Shoqata e Botuesve Shqiptar\u00eb punoi gjat\u00eb dhe me intensitet p\u00ebr t\u00eb pasur nj\u00eb paraqitje sa m\u00eb serioze dhe p\u00ebr t\u00eb forcuar pranin\u00eb e saj t\u00eb dyt\u00eb n\u00eb k\u00ebt\u00eb panair, i cili me deviz\u00ebn \u201cLeipzig liest\u201d (\u201cLeipzigu lexon\u201d)&#8230;<\/p>\n<p>[\/pl_iconbox]<br \/>\n[\/pl_col]<br \/>\n[pl_col pagelayer-id=&#8221;n568ae9dl8275n6q&#8221; widget_space=&#8221;15&#8243; overlay_hover_delay=&#8221;400&#8243; ele_bg_hover_delay=&#8221;400&#8243; col=&#8221;4&#8243;][pl_iconbox pagelayer-id=&#8221;wka45lrqrzbrvrzi&#8221; service_icon=&#8221;&#8221; service_alignment=&#8221;left&#8221; service_vertical_alignment=&#8221;top&#8221; service_icon_view=&#8221;default&#8221; service_icon_padding=&#8221;15&#8243; service_icon_state=&#8221;normal&#8221; service_icon_color=&#8221;#060607ff&#8221; service_icon_font_size=&#8221;30&#8243; service_icon_hover_delay=&#8221;400&#8243; service_bor_state=&#8221;normal&#8221; service_heading=&#8221;Panairi i Librit \u201cLeipzig 2013\u2033\u00a0&#8221; service_heading_spacing=&#8221;10&#8243; heading_state=&#8221;normal&#8221; service_heading_color=&#8221;#141617ff&#8221; service_heading_typo=&#8221;,22,,600,,,Solid,,,,&#8221; heading_delay=&#8221;400&#8243; service_text_alignment=&#8221;left&#8221; service_btn_hover_delay=&#8221;400&#8243; ele_bg_hover_delay=&#8221;400&#8243; service_icon_spacing=&#8221;0,20,0,0&#8243; service_button=&#8221;true&#8221; iconbox_button_type=&#8221;pagelayer-btn-custom&#8221; service_button_size=&#8221;pagelayer-btn-small&#8221; service_button_text=&#8221;M\u00eb tep\u00ebr\u00a0&#8221; service_btn_spacing=&#8221;20&#8243; service_btn_state=&#8221;normal&#8221; service_button_color=&#8221;#ffffff&#8221; service_button_bg_color=&#8221;#1d1f21ff&#8221; service_button_url=&#8221;#&#8221; service_button_font_size=&#8221;16&#8243; service_title_spacing=&#8221;,,10,&#8221; heading_alignment=&#8221;center&#8221;]<\/p>\n<p>Nga data 14-17 mars u zhvillua Panairi i Librit \u201cLeipzig\u00a0 2013\u201d. Edhe k\u00ebt\u00eb vit Panairi i Librit n\u00eb Leipzig (Leipziger Buchmesse), i dyti n\u00eb Gjermani p\u00ebr nga madh\u00ebsia, pas atij t\u00eb Frankfurtit, por edhe nd\u00ebr m\u00eb t\u00eb r\u00ebnd\u00ebsishmit n\u00eb rrafshin kulturor t\u00eb Europ\u00ebs, hapi dyert p\u00ebr t\u00eb pritur autor\u00eb e botues nga dhjet\u00ebra vende, e ve\u00e7 t\u00eb tjer\u00ebve, edhe pjes\u00ebmarr\u00ebs nga Shqip\u00ebria&#8230;.<\/p>\n<p>[\/pl_iconbox]<br \/>\n[pl_iconbox pagelayer-id=&#8221;w6r7k1l59ndfbj58&#8243; service_icon=&#8221;&#8221; service_alignment=&#8221;left&#8221; service_vertical_alignment=&#8221;top&#8221; service_icon_view=&#8221;default&#8221; service_icon_padding=&#8221;15&#8243; service_icon_state=&#8221;normal&#8221; service_icon_color=&#8221;#060607ff&#8221; service_icon_font_size=&#8221;30&#8243; service_icon_hover_delay=&#8221;400&#8243; service_bor_state=&#8221;normal&#8221; service_heading=&#8221;&lt;span style=&#8221;font-family: Quicksand; font-size: 22px; font-style: normal; font-variant-ligatures: normal; font-variant-caps: normal; font-weight: 600; text-align: center;&#8221;&gt;Panairi i Librit \u201cLeipzig 2011\u2033\u00a0&lt;\/span&gt;&#8221; service_heading_spacing=&#8221;10&#8243; heading_state=&#8221;normal&#8221; service_heading_color=&#8221;#141617ff&#8221; service_heading_typo=&#8221;,22,,600,,,Solid,,,,&#8221; heading_delay=&#8221;400&#8243; service_text_alignment=&#8221;left&#8221; service_btn_hover_delay=&#8221;400&#8243; ele_bg_hover_delay=&#8221;400&#8243; service_icon_spacing=&#8221;0,20,0,0&#8243; service_button=&#8221;true&#8221; iconbox_button_type=&#8221;pagelayer-btn-custom&#8221; service_button_size=&#8221;pagelayer-btn-small&#8221; service_button_text=&#8221;M\u00eb tep\u00ebr\u00a0&#8221; service_btn_spacing=&#8221;20&#8243; service_btn_state=&#8221;normal&#8221; service_button_color=&#8221;#ffffff&#8221; service_button_bg_color=&#8221;#1d1f21ff&#8221; service_button_url=&#8221;#&#8221; service_button_font_size=&#8221;16&#8243; service_title_spacing=&#8221;,,10,&#8221; heading_alignment=&#8221;center&#8221;]<\/p>\n<p>Nga data 16-20 mars 2011, u zhvillua Panairi i Librit n\u00eb Lajpcig, ku p\u00ebr her\u00eb t\u00eb par\u00eb kultura shqiptare u paraqit n\u00eb m\u00ebnyr\u00eb t\u00eb organizuar me nj\u00eb stend\u00eb kolektive. Kjo ngjarje kaq e r\u00ebnd\u00ebsishme p\u00ebr let\u00ebrsin\u00eb dhe kultur\u00ebn ton\u00eb sh\u00ebnoi nj\u00eb hap m\u00eb pran\u00eb drejt njohjes s\u00eb vendit ton\u00eb dhe nj\u00eb bashk\u00ebpunimi t\u00eb gjer\u00eb e t\u00eb m\u00ebtejsh\u00ebm t\u00eb Shqip\u00ebris\u00eb me vendet e&#8230;<\/p>\n<p>[\/pl_iconbox]<br \/>\n[\/pl_col]<br \/>\n[\/pl_row]<\/p>\n","protected":false},"excerpt":{"rendered":"<p>[pl_row pagelayer-id=&#8221;CFvE3jPBs3gZ3QCh&#8221; stretch=&#8221;auto&#8221; col_gap=&#8221;10&#8243; width_content=&#8221;auto&#8221; row_height=&#8221;default&#8221; overlay_hover_delay=&#8221;400&#8243; row_shape_top_color=&#8221;#227bc3&#8243; row_shape_top_width=&#8221;100&#8243; row_shape_top_height=&#8221;100&#8243; row_shape_bottom_color=&#8221;#e44993&#8243; row_shape_bottom_width=&#8221;100&#8243; row_shape_bottom_height=&#8221;100&#8243;][pl_col pagelayer-id=&#8221;KVdU2eaGxKKiYNMV&#8221; widget_space=&#8221;11&#8243; overlay_hover_delay=&#8221;400&#8243;][\/pl_col] [\/pl_row][pl_row pagelayer-id=&#8221;CFvE3jPBs3gZ3QCh&#8221; stretch=&#8221;auto&#8221; col_gap=&#8221;10&#8243; width_content=&#8221;auto&#8221; row_height=&#8221;default&#8221; overlay_hover_delay=&#8221;400&#8243; row_shape_top_color=&#8221;#227bc3&#8243; row_shape_top_width=&#8221;100&#8243; row_shape_top_height=&#8221;100&#8243; row_shape_bottom_color=&#8221;#e44993&#8243; row_shape_bottom_width=&#8221;100&#8243; row_shape_bottom_height=&#8221;100&#8243;][pl_col pagelayer-id=&#8221;KVdU2eaGxKKiYNMV&#8221; widget_space=&#8221;11&#8243; overlay_hover_delay=&#8221;400&#8243;][\/pl_col] [\/pl_row][pl_row pagelayer-id=&#8221;CFvE3jPBs3gZ3QCh&#8221; stretch=&#8221;auto&#8221; col_gap=&#8221;10&#8243; width_content=&#8221;auto&#8221; row_height=&#8221;default&#8221; overlay_hover_delay=&#8221;400&#8243; row_shape_top_color=&#8221;#227bc3&#8243; row_shape_top_width=&#8221;100&#8243; row_shape_top_height=&#8221;100&#8243; row_shape_bottom_color=&#8221;#e44993&#8243; row_shape_bottom_width=&#8221;100&#8243; row_shape_bottom_height=&#8221;100&#8243;][pl_col pagelayer-id=&#8221;KVdU2eaGxKKiYNMV&#8221; widget_space=&#8221;11&#8243; overlay_hover_delay=&#8221;400&#8243;][\/pl_col] [\/pl_row][pl_row pagelayer-id=&#8221;CFvE3jPBs3gZ3QCh&#8221; stretch=&#8221;auto&#8221; col_gap=&#8221;10&#8243; width_content=&#8221;auto&#8221; row_height=&#8221;default&#8221; overlay_hover_delay=&#8221;400&#8243; [&hellip;]<\/p>\n","protected":false},"author":1,"featured_media":0,"parent":0,"menu_order":0,"comment_status":"closed","ping_status":"closed","template":"","meta":[],"_links":{"self":[{"href":"https:\/\/shbsh.al\/wp2\/wp-json\/wp\/v2\/pages\/204"}],"collection":[{"href":"https:\/\/shbsh.al\/wp2\/wp-json\/wp\/v2\/pages"}],"about":[{"href":"https:\/\/shbsh.al\/wp2\/wp-json\/wp\/v2\/types\/page"}],"author":[{"embeddable":true,"href":"https:\/\/shbsh.al\/wp2\/wp-json\/wp\/v2\/users\/1"}],"replies":[{"embeddable":true,"href":"https:\/\/shbsh.al\/wp2\/wp-json\/wp\/v2\/comments?post=204"}],"version-history":[{"count":15,"href":"https:\/\/shbsh.al\/wp2\/wp-json\/wp\/v2\/pages\/204\/revisions"}],"predecessor-version":[{"id":483,"href":"https:\/\/shbsh.al\/wp2\/wp-json\/wp\/v2\/pages\/204\/revisions\/483"}],"wp:attachment":[{"href":"https:\/\/shbsh.al\/wp2\/wp-json\/wp\/v2\/media?parent=204"}],"curies":[{"name":"wp","href":"https:\/\/api.w.org\/{rel}","templated":true}]}}